{"id":169,"date":"2020-11-26T10:35:16","date_gmt":"2020-11-26T07:35:16","guid":{"rendered":"http:\/\/nuartekstil.com.tr\/tr\/?page_id=169"},"modified":"2020-11-26T10:35:16","modified_gmt":"2020-11-26T07:35:16","slug":"yatak-fitilleri","status":"publish","type":"page","link":"https:\/\/www.nuartekstil.com.tr\/tr\/yatak-fitilleri\/","title":{"rendered":"YATAK F\u0130T\u0130LLER\u0130"},"content":{"rendered":"\n<div class=\"rl-gallery-container rl-loading\" id=\"rl-gallery-container-1\" data-gallery_id=\"152\"> <div class=\"rl-gallery rl-basicgrid-gallery \" id=\"rl-gallery-1\" data-gallery_no=\"1\"> <div class=\"rl-gallery-item\"><a href=\"https:\/\/www.nuartekstil.com.tr\/tr\/wp-content\/uploads\/2020\/11\/2.jpeg\" title=\"\" data-rl_title=\"\" class=\"rl-gallery-link\" data-rl_caption=\"\" data-rel=\"lightbox-gallery-1\"><img src=\"https:\/\/www.nuartekstil.com.tr\/tr\/wp-content\/uploads\/2020\/11\/2.jpeg\" width=\"1600\" height=\"1200\" alt=\"\" \/><\/a><\/div><div class=\"rl-gallery-item\"><a href=\"https:\/\/www.nuartekstil.com.tr\/tr\/wp-content\/uploads\/2020\/11\/3.jpeg\" title=\"\" data-rl_title=\"\" class=\"rl-gallery-link\" data-rl_caption=\"\" data-rel=\"lightbox-gallery-1\"><img src=\"https:\/\/www.nuartekstil.com.tr\/tr\/wp-content\/uploads\/2020\/11\/3.jpeg\" width=\"1600\" height=\"1200\" alt=\"\" \/><\/a><\/div><div class=\"rl-gallery-item\"><a href=\"https:\/\/www.nuartekstil.com.tr\/tr\/wp-content\/uploads\/2020\/11\/4.jpeg\" title=\"\" data-rl_title=\"\" class=\"rl-gallery-link\" data-rl_caption=\"\" data-rel=\"lightbox-gallery-1\"><img src=\"https:\/\/www.nuartekstil.com.tr\/tr\/wp-content\/uploads\/2020\/11\/4.jpeg\" width=\"1600\" height=\"1318\" alt=\"\" \/><\/a><\/div><div class=\"rl-gallery-item\"><a href=\"https:\/\/www.nuartekstil.com.tr\/tr\/wp-content\/uploads\/2020\/11\/5.jpeg\" title=\"\" data-rl_title=\"\" class=\"rl-gallery-link\" data-rl_caption=\"\" data-rel=\"lightbox-gallery-1\"><img src=\"https:\/\/www.nuartekstil.com.tr\/tr\/wp-content\/uploads\/2020\/11\/5.jpeg\" width=\"1600\" height=\"1200\" alt=\"\" \/><\/a><\/div><div class=\"rl-gallery-item\"><a href=\"https:\/\/www.nuartekstil.com.tr\/tr\/wp-content\/uploads\/2020\/11\/6.jpeg\" title=\"\" data-rl_title=\"\" class=\"rl-gallery-link\" data-rl_caption=\"\" data-rel=\"lightbox-gallery-1\"><img src=\"https:\/\/www.nuartekstil.com.tr\/tr\/wp-content\/uploads\/2020\/11\/6.jpeg\" width=\"1600\" height=\"1200\" alt=\"\" \/><\/a><\/div><div class=\"rl-gallery-item\"><a href=\"https:\/\/www.nuartekstil.com.tr\/tr\/wp-content\/uploads\/2020\/11\/7.jpeg\" title=\"\" data-rl_title=\"\" class=\"rl-gallery-link\" data-rl_caption=\"\" data-rel=\"lightbox-gallery-1\"><img src=\"https:\/\/www.nuartekstil.com.tr\/tr\/wp-content\/uploads\/2020\/11\/7.jpeg\" width=\"1600\" height=\"1200\" alt=\"\" \/><\/a><\/div><div class=\"rl-gallery-item\"><a href=\"https:\/\/www.nuartekstil.com.tr\/tr\/wp-content\/uploads\/2020\/11\/14.jpeg\" title=\"\" data-rl_title=\"\" class=\"rl-gallery-link\" data-rl_caption=\"\" data-rel=\"lightbox-gallery-1\"><img src=\"https:\/\/www.nuartekstil.com.tr\/tr\/wp-content\/uploads\/2020\/11\/14.jpeg\" width=\"1600\" height=\"1200\" alt=\"\" \/><\/a><\/div><div class=\"rl-gallery-item\"><a href=\"https:\/\/www.nuartekstil.com.tr\/tr\/wp-content\/uploads\/2020\/11\/15.jpeg\" title=\"\" data-rl_title=\"\" class=\"rl-gallery-link\" data-rl_caption=\"\" data-rel=\"lightbox-gallery-1\"><img src=\"https:\/\/www.nuartekstil.com.tr\/tr\/wp-content\/uploads\/2020\/11\/15.jpeg\" width=\"1600\" height=\"1200\" alt=\"\" \/><\/a><\/div><div class=\"rl-gallery-item\"><a href=\"https:\/\/www.nuartekstil.com.tr\/tr\/wp-content\/uploads\/2020\/11\/16.jpeg\" title=\"\" data-rl_title=\"\" class=\"rl-gallery-link\" data-rl_caption=\"\" data-rel=\"lightbox-gallery-1\"><img src=\"https:\/\/www.nuartekstil.com.tr\/tr\/wp-content\/uploads\/2020\/11\/16.jpeg\" width=\"1600\" height=\"1200\" alt=\"\" \/><\/a><\/div><div class=\"rl-gallery-item\"><a href=\"https:\/\/www.nuartekstil.com.tr\/tr\/wp-content\/uploads\/2020\/11\/a1.jpeg\" title=\"\" data-rl_title=\"\" class=\"rl-gallery-link\" data-rl_caption=\"\" data-rel=\"lightbox-gallery-1\"><img src=\"https:\/\/www.nuartekstil.com.tr\/tr\/wp-content\/uploads\/2020\/11\/a1.jpeg\" width=\"1200\" height=\"1600\" alt=\"\" \/><\/a><\/div><div class=\"rl-gallery-item\"><a href=\"https:\/\/www.nuartekstil.com.tr\/tr\/wp-content\/uploads\/2020\/11\/a2.jpeg\" title=\"\" data-rl_title=\"\" class=\"rl-gallery-link\" data-rl_caption=\"\" data-rel=\"lightbox-gallery-1\"><img src=\"https:\/\/www.nuartekstil.com.tr\/tr\/wp-content\/uploads\/2020\/11\/a2.jpeg\" width=\"1200\" height=\"1600\" alt=\"\" \/><\/a><\/div><div class=\"rl-gallery-item\"><a href=\"https:\/\/www.nuartekstil.com.tr\/tr\/wp-content\/uploads\/2020\/11\/a3.jpeg\" title=\"\" data-rl_title=\"\" class=\"rl-gallery-link\" data-rl_caption=\"\" data-rel=\"lightbox-gallery-1\"><img src=\"https:\/\/www.nuartekstil.com.tr\/tr\/wp-content\/uploads\/2020\/11\/a3.jpeg\" width=\"1200\" height=\"1600\" alt=\"\" \/><\/a><\/div><div class=\"rl-gallery-item\"><a href=\"https:\/\/www.nuartekstil.com.tr\/tr\/wp-content\/uploads\/2020\/11\/a4.jpeg\" title=\"\" data-rl_title=\"\" class=\"rl-gallery-link\" data-rl_caption=\"\" data-rel=\"lightbox-gallery-1\"><img src=\"https:\/\/www.nuartekstil.com.tr\/tr\/wp-content\/uploads\/2020\/11\/a4.jpeg\" width=\"1200\" height=\"1600\" alt=\"\" \/><\/a><\/div><div class=\"rl-gallery-item\"><a href=\"https:\/\/www.nuartekstil.com.tr\/tr\/wp-content\/uploads\/2020\/11\/a5.jpeg\" title=\"\" data-rl_title=\"\" class=\"rl-gallery-link\" data-rl_caption=\"\" data-rel=\"lightbox-gallery-1\"><img src=\"https:\/\/www.nuartekstil.com.tr\/tr\/wp-content\/uploads\/2020\/11\/a5.jpeg\" width=\"1200\" height=\"1600\" alt=\"\" \/><\/a><\/div><div class=\"rl-gallery-item\"><a href=\"https:\/\/www.nuartekstil.com.tr\/tr\/wp-content\/uploads\/2020\/11\/a6.jpeg\" title=\"\" data-rl_title=\"\" class=\"rl-gallery-link\" data-rl_caption=\"\" data-rel=\"lightbox-gallery-1\"><img src=\"https:\/\/www.nuartekstil.com.tr\/tr\/wp-content\/uploads\/2020\/11\/a6.jpeg\" width=\"1360\" height=\"1600\" alt=\"\" \/><\/a><\/div><div class=\"rl-gallery-item\"><a href=\"https:\/\/www.nuartekstil.com.tr\/tr\/wp-content\/uploads\/2020\/11\/a7.jpeg\" title=\"\" data-rl_title=\"\" class=\"rl-gallery-link\" data-rl_caption=\"\" data-rel=\"lightbox-gallery-1\"><img src=\"https:\/\/www.nuartekstil.com.tr\/tr\/wp-content\/uploads\/2020\/11\/a7.jpeg\" width=\"1106\" height=\"1600\" alt=\"\" \/><\/a><\/div> <\/div> <\/div>\n","protected":false},"excerpt":{"rendered":"","protected":false},"author":1,"featured_media":0,"parent":0,"menu_order":0,"comment_status":"closed","ping_status":"closed","template":"","meta":[],"_links":{"self":[{"href":"https:\/\/www.nuartekstil.com.tr\/tr\/wp-json\/wp\/v2\/pages\/169"}],"collection":[{"href":"https:\/\/www.nuartekstil.com.tr\/tr\/wp-json\/wp\/v2\/pages"}],"about":[{"href":"https:\/\/www.nuartekstil.com.tr\/tr\/wp-json\/wp\/v2\/types\/page"}],"author":[{"embeddable":true,"href":"https:\/\/www.nuartekstil.com.tr\/tr\/wp-json\/wp\/v2\/users\/1"}],"replies":[{"embeddable":true,"href":"https:\/\/www.nuartekstil.com.tr\/tr\/wp-json\/wp\/v2\/comments?post=169"}],"version-history":[{"count":1,"href":"https:\/\/www.nuartekstil.com.tr\/tr\/wp-json\/wp\/v2\/pages\/169\/revisions"}],"predecessor-version":[{"id":170,"href":"https:\/\/www.nuartekstil.com.tr\/tr\/wp-json\/wp\/v2\/pages\/169\/revisions\/170"}],"wp:attachment":[{"href":"https:\/\/www.nuartekstil.com.tr\/tr\/wp-json\/wp\/v2\/media?parent=169"}],"curies":[{"name":"wp","href":"https:\/\/api.w.org\/{rel}","templated":true}]}}