{"id":60,"date":"2020-11-20T14:13:32","date_gmt":"2020-11-20T11:13:32","guid":{"rendered":"http:\/\/nuartekstil.com.tr\/tr\/?page_id=60"},"modified":"2020-11-26T17:07:35","modified_gmt":"2020-11-26T14:07:35","slug":"iletisim","status":"publish","type":"page","link":"https:\/\/www.nuartekstil.com.tr\/tr\/iletisim\/","title":{"rendered":"\u0130LET\u0130\u015e\u0130M"},"content":{"rendered":"\n<div class=\"container\">\n                <div class=\"row align-items-center\">\n                    <div class=\"col-lg-6\">\n                        <div class=\"contact-text\">\n\t\t\t\t\t\t <div class=\"section-title\" style=\"    margin: 0 auto 20px;\">\n                         <span style=\"    font-weight: 700;    font-size: 30px; color:#000\">Bizimle \u0130leti\u015fime Ge\u00e7in<\/span>\n                            \n                        <\/div> \n                         \n\n                            <div class=\"row\">\n                                <div class=\"col-lg-6\">\n                                    <div class=\"contact-card\">\n                                    <i class=\"las la-phone\" style=\"    \n    font-size: 23px;color:#0f4279\"><\/i>    <span style=\"font-size: 20px;margin-bottom: 0px;font-weight: 700;color:#0f4279\">TELEFON<\/span>\n                                        <h3><a href=\"tel:0352 503 58 75\" style=\"font-size: 18px;color:#000\"> 0352 503 58 75<\/a><\/h3>\n                                    <\/div>\n                                <\/div>\n\t\t\t\t\t\t\t\t\n\t\t\t\t\t\t\t\t <div class=\"col-lg-6\">\n                                    <div class=\"contact-card\">\n                                    <i class=\"las la-phone\" style=\"    \n    font-size: 23px;color:#0f4279\"><\/i>    <span style=\"font-size: 20px;margin-bottom: 0px;font-weight: 700;color:#0f4279\">TELEFON<\/span>\n                                        <h3><a href=\"tel:0537 731 45 39\" style=\"font-size: 18px;color:#000\"> 0537 731 45 39<\/a><\/h3>\n                                    <\/div>\n                                <\/div>\n\t\t\t\t\t\t\t\t\n\t\t\t\t\t\t\t\t<div class=\"col-lg-6\" style=\"    margin-top: 15px;\">\n                                    <div class=\"contact-card\">\n                                     <i class=\"las la-envelope\" style=\"    \n    font-size: 23px;color:#0f4279\"><\/i>   <span style=\"font-size: 20px;    margin-bottom: 0px;font-weight: 700;color:#0f4279\">E-POSTA<\/span>\n                                        <h3><a href=\"mailto:info@nuartekstil.com.tr\/tr\" style=\"font-size: 18px;color:#000\"> info@nuartekstil.com.tr\/tr<\/a><\/h3>\n                                    <\/div>\n                                <\/div>\n\n                                <div class=\"col-lg-12\" style=\"margin-top:10px\"><hr>\n                                    <div class=\"contact-card\">\n                                      <i class=\"las la-map-marker-alt\" style=\"    \n    font-size: 23px;color:#0f4279\"> <span style=\"font-size: 20px;margin-bottom: 0px;font-weight: 700;color:#0f4279;font-family: 'Open Sans', sans-serif;\">ADRES<\/span><br>\n\t\t\t\t\t\t\t\t\t\t<\/i> <h3 style=\"font-size: 16px; margin-top: 8px; \"> Organize Sanayi B\u00f6lgesi Karpuzsekisi Mahallesi 37.Cad No:13 Hac\u0131lar\/KAYSER\u0130<\/h3>\n                                        \n                                    <\/div>\n                                <\/div>\n                            <\/div>\n                        <\/div>\n                    <\/div>\n\n                    <div class=\"col-lg-6\">\n                      \n                        <div class=\"contact-form\">\n<iframe loading=\"lazy\" src=\"https:\/\/www.google.com\/maps\/embed?pb=!1m18!1m12!1m3!1d1556.7888626304343!2d35.36585527064092!3d38.70454309037737!2m3!1f0!2f0!3f0!3m2!1i1024!2i768!4f13.1!3m3!1m2!1s0x152b05b8d7979665%3A0xfffacdc1032259bf!2s37.%20Sk.%2C%2038070%20Kayseri%20Osb%2FMelikgazi%2FKayseri!5e0!3m2!1str!2str!4v1605942709472!5m2!1str!2str\" width=\"100%\" height=\"300\" frameborder=\"0\" style=\"border:0;\" allowfullscreen=\"\" aria-hidden=\"false\" tabindex=\"0\"><\/iframe>\n                        <\/div>\n                    <\/div>\n                <\/div>\n            <\/div>\n\n\n\n<p><\/p>\n","protected":false},"excerpt":{"rendered":"<p>Bizimle \u0130leti\u015fime Ge\u00e7in TELEFON 0352 503 58 75 TELEFON 0537 731 45 39 E-POSTA info@nuartekstil.com.tr\/tr ADRES Organize Sanayi B\u00f6lgesi Karpuzsekisi Mahallesi 37.Cad No:13 Hac\u0131lar\/KAYSER\u0130<\/p>\n","protected":false},"author":1,"featured_media":0,"parent":0,"menu_order":0,"comment_status":"closed","ping_status":"closed","template":"","meta":[],"_links":{"self":[{"href":"https:\/\/www.nuartekstil.com.tr\/tr\/wp-json\/wp\/v2\/pages\/60"}],"collection":[{"href":"https:\/\/www.nuartekstil.com.tr\/tr\/wp-json\/wp\/v2\/pages"}],"about":[{"href":"https:\/\/www.nuartekstil.com.tr\/tr\/wp-json\/wp\/v2\/types\/page"}],"author":[{"embeddable":true,"href":"https:\/\/www.nuartekstil.com.tr\/tr\/wp-json\/wp\/v2\/users\/1"}],"replies":[{"embeddable":true,"href":"https:\/\/www.nuartekstil.com.tr\/tr\/wp-json\/wp\/v2\/comments?post=60"}],"version-history":[{"count":53,"href":"https:\/\/www.nuartekstil.com.tr\/tr\/wp-json\/wp\/v2\/pages\/60\/revisions"}],"predecessor-version":[{"id":173,"href":"https:\/\/www.nuartekstil.com.tr\/tr\/wp-json\/wp\/v2\/pages\/60\/revisions\/173"}],"wp:attachment":[{"href":"https:\/\/www.nuartekstil.com.tr\/tr\/wp-json\/wp\/v2\/media?parent=60"}],"curies":[{"name":"wp","href":"https:\/\/api.w.org\/{rel}","templated":true}]}}