{"id":7,"date":"2020-11-12T11:14:37","date_gmt":"2020-11-12T08:14:37","guid":{"rendered":"http:\/\/nuartekstil.com.tr\/tr\/?page_id=7"},"modified":"2020-11-30T11:16:24","modified_gmt":"2020-11-30T08:16:24","slug":"hakkimizda","status":"publish","type":"page","link":"https:\/\/www.nuartekstil.com.tr\/tr\/hakkimizda\/","title":{"rendered":"HAKKIMIZDA"},"content":{"rendered":"\n<div class=\"is-layout-flex wp-container-3 wp-block-columns\">\n<div class=\"is-layout-flow wp-block-column\">\n<p>NUAR TEKST\u0130L\u00a0 olarak , profesyonel kadromuz ve geli\u015fmi\u015f \u00fcretim parkurumuz ile siz m\u00fc\u015fterilerimiz i\u00e7in, \u00fcst\u00fcn kaliteli\u00a0 yatak fitilleri \u00fcretiyoruz . T\u00fcm faaliyetlerimizdeki temel nokta ,\u00a0 Arge b\u00f6l\u00fcm\u00fcm\u00fcz\u00fcn \u00e7al\u0131\u015fmas\u0131 do\u011frultusunda , istenilen yatak fitillerini siz de\u011ferli m\u00fc\u015fterilerimize y\u00fcksek kalite, do\u011fru fiyat\u00a0 ve tam zaman\u0131nda termin ile en \u00fcst seviyede tutmakt\u0131r. \u00a0&#8220;<strong>Kalite asla bir tesad\u00fcf de\u011fildir<\/strong>.&#8221; s\u00f6z\u00fcnden yola \u00e7\u0131karak \u00a0hem yurti\u00e7i hem de yurt d\u0131\u015f\u0131nda hizmet sunmaktay\u0131z .<\/p>\n<\/div>\n\n\n\n<div class=\"is-layout-flow wp-block-column\">\n<figure class=\"wp-block-image size-large\"><img decoding=\"async\" loading=\"lazy\" width=\"1024\" height=\"768\" src=\"https:\/\/www.nuartekstil.com.tr\/tr\/wp-content\/uploads\/2020\/11\/nuar-2-1024x768.jpeg\" alt=\"\" class=\"wp-image-147\" srcset=\"https:\/\/www.nuartekstil.com.tr\/tr\/wp-content\/uploads\/2020\/11\/nuar-2-1024x768.jpeg 1024w, https:\/\/www.nuartekstil.com.tr\/tr\/wp-content\/uploads\/2020\/11\/nuar-2-300x225.jpeg 300w, https:\/\/www.nuartekstil.com.tr\/tr\/wp-content\/uploads\/2020\/11\/nuar-2-768x576.jpeg 768w, https:\/\/www.nuartekstil.com.tr\/tr\/wp-content\/uploads\/2020\/11\/nuar-2-1536x1152.jpeg 1536w, https:\/\/www.nuartekstil.com.tr\/tr\/wp-content\/uploads\/2020\/11\/nuar-2.jpeg 1600w\" sizes=\"(max-width: 1024px) 100vw, 1024px\" \/><\/figure>\n<\/div>\n<\/div>\n","protected":false},"excerpt":{"rendered":"<p>NUAR TEKST\u0130L\u00a0 olarak , profesyonel kadromuz ve geli\u015fmi\u015f \u00fcretim parkurumuz ile siz m\u00fc\u015fterilerimiz i\u00e7in, \u00fcst\u00fcn kaliteli\u00a0 yatak fitilleri \u00fcretiyoruz . T\u00fcm faaliyetlerimizdeki temel nokta ,\u00a0 Arge b\u00f6l\u00fcm\u00fcm\u00fcz\u00fcn \u00e7al\u0131\u015fmas\u0131 do\u011frultusunda , istenilen yatak fitillerini siz de\u011ferli m\u00fc\u015fterilerimize y\u00fcksek kalite, do\u011fru fiyat\u00a0 ve tam zaman\u0131nda termin ile en \u00fcst seviyede tutmakt\u0131r. \u00a0&#8220;Kalite asla bir tesad\u00fcf de\u011fildir.&#8221; s\u00f6z\u00fcnden [&hellip;]<\/p>\n","protected":false},"author":1,"featured_media":0,"parent":0,"menu_order":0,"comment_status":"closed","ping_status":"closed","template":"","meta":[],"_links":{"self":[{"href":"https:\/\/www.nuartekstil.com.tr\/tr\/wp-json\/wp\/v2\/pages\/7"}],"collection":[{"href":"https:\/\/www.nuartekstil.com.tr\/tr\/wp-json\/wp\/v2\/pages"}],"about":[{"href":"https:\/\/www.nuartekstil.com.tr\/tr\/wp-json\/wp\/v2\/types\/page"}],"author":[{"embeddable":true,"href":"https:\/\/www.nuartekstil.com.tr\/tr\/wp-json\/wp\/v2\/users\/1"}],"replies":[{"embeddable":true,"href":"https:\/\/www.nuartekstil.com.tr\/tr\/wp-json\/wp\/v2\/comments?post=7"}],"version-history":[{"count":8,"href":"https:\/\/www.nuartekstil.com.tr\/tr\/wp-json\/wp\/v2\/pages\/7\/revisions"}],"predecessor-version":[{"id":176,"href":"https:\/\/www.nuartekstil.com.tr\/tr\/wp-json\/wp\/v2\/pages\/7\/revisions\/176"}],"wp:attachment":[{"href":"https:\/\/www.nuartekstil.com.tr\/tr\/wp-json\/wp\/v2\/media?parent=7"}],"curies":[{"name":"wp","href":"https:\/\/api.w.org\/{rel}","templated":true}]}}